{"id":1842,"date":"2026-04-18T23:47:02","date_gmt":"2026-04-18T23:47:02","guid":{"rendered":"https:\/\/justudios.co\/?page_id=1842"},"modified":"2026-04-22T06:41:05","modified_gmt":"2026-04-22T06:41:05","slug":"portfolio","status":"publish","type":"page","link":"https:\/\/justudios.co\/en\/portfolio\/","title":{"rendered":"Portfolio"},"content":{"rendered":"<figure class=\"wp-block-video\"><video autoplay controls muted src=\"https:\/\/justudios.co\/wp-content\/uploads\/2026\/04\/video-portafolio-comprimido.mp4\"><\/video><\/figure>\n\n\n\n<div class=\"wp-block-stackable-text stk-block-text stk-block stk-7113972\" data-block-id=\"7113972\"><style>.stk-7113972 {margin-top:var(--stk--preset--spacing--20, 0.44rem) !important;margin-bottom:var(--stk--preset--spacing--60, 2.25rem) !important;}.stk-7113972 .stk-block-text__text{color:var(--theme-palette-color-4, #ffffff) !important;}@media screen and (max-width:999px){.stk-7113972 {margin-bottom:var(--stk--preset--spacing--40, 1rem) !important;}}@media screen and (max-width:689px){.stk-7113972 {margin-top:var(--stk--preset--spacing--none, 0px) !important;margin-bottom:var(--stk--preset--spacing--40, 1rem) !important;}}<\/style><p class=\"stk-block-text__text has-text-color has-palette-color-4-color has-text-align-center-mobile\">Our portfolio reflects our experience developing interactive products across multiple platforms, combining client work with our own original IPs. We have worked on casual, hypercasual, narrative, and children\u2019s experiences, adapting to different project needs while maintaining strong technical execution and efficient production processes.<br><br>Alongside this, we continue to expand our own portfolio, including mobile titles and original IPs such as Fragments, as well as Ju Kids, our line focused on meaningful interactive experiences for children. <em>Fragments<\/em>, as\u00ed como <em>Ju Kids<\/em>, nuestra l\u00ednea enfocada en experiencias interactivas significativas para ni\u00f1os.<\/p><\/div>\n\n\n\n<div class=\"wp-block-stackable-columns stk-block-columns stk-block stk-2976898 stk-block-background\" data-block-id=\"2976898\"><style>.stk-2976898 .stk--block-align-2976898{align-items:center !important;}.stk-2976898 {background-color:var(--theme-palette-color-8, #1f1f1f) !important;border-radius:8px !important;padding-top:0px !important;padding-right:35px !important;padding-bottom:0px !important;padding-left:90px !important;margin-bottom:0px !important;overflow:visible !important;}.stk-2976898:before{background-color:var(--theme-palette-color-8, #1f1f1f) !important;}.stk-2976898 .stk-container{overflow:visible !important;}.stk-2976898-column{--stk-column-gap:35px !important;}@media screen and (max-width:999px){.stk-2976898 {padding-right:35px !important;padding-left:35px !important;}}<\/style><div class=\"stk-row stk-inner-blocks stk--block-align-2976898 stk-block-content stk-content-align stk-2976898-column\">\n<div class=\"wp-block-stackable-column stk-block-column stk-column stk-block stk-86db01b\" data-v=\"4\" data-block-id=\"86db01b\"><style>.stk-86db01b-container{margin-top:0px !important;margin-right:0px !important;margin-bottom:0px !important;margin-left:0px !important;}.stk-86db01b {padding-top:60px !important;padding-bottom:60px !important;margin-top:0px !important;margin-right:0px !important;margin-bottom:0px !important;margin-left:0px !important;}@media screen and (max-width:999px){.stk-86db01b {padding-top:35px !important;padding-bottom:35px !important;}}<\/style><div class=\"stk-column-wrapper stk-block-column__content stk-container stk-86db01b-container stk--no-background stk--no-padding\"><div class=\"has-text-align-center-mobile stk-block-content stk-inner-blocks stk-86db01b-inner-blocks\">\n<div class=\"wp-block-stackable-heading stk-block-heading stk-block-heading--v2 stk-block stk-145e7f7\" id=\"tienes-un-proyecto-en-mente-hablamos\" data-block-id=\"145e7f7\"><style>.stk-145e7f7 {margin-bottom:30px !important;}.stk-145e7f7 .stk-block-heading__text{font-size:60px !important;line-height:1em !important;font-weight:800 !important;}@media screen and (max-width:999px){.stk-145e7f7 .stk-block-heading__text{font-size:50px !important;}}<\/style><h2 class=\"stk-block-heading__text\">Got a project in mind? Let's talk.<\/h2><\/div>\n\n\n\n<div class=\"wp-block-stackable-text stk-block-text stk-block stk-c84b1d7\" data-block-id=\"c84b1d7\"><style>.stk-c84b1d7 {margin-bottom:35px !important;}.stk-c84b1d7 .stk-block-text__text{color:var(--theme-palette-color-4, #ffffff) !important;}<\/style><p class=\"stk-block-text__text has-text-color has-palette-color-4-color\">At Ju Studios, we create impactful video games. We collaborate with institutions, brands, and creators looking for new ways to communicate, teach, or connect. We evaluate each idea for its creative value and real potential. If you have one, let\u2019s talk.<\/p><\/div>\n\n\n\n<div class=\"wp-block-stackable-button-group stk-block-button-group stk-block stk-bc95f5b\" data-block-id=\"bc95f5b\"><style>.stk-bc95f5b {margin-bottom:0px !important;}<\/style><div class=\"stk-row stk-inner-blocks has-text-align-center-mobile stk-block-content stk-button-group\">\n<div class=\"wp-block-stackable-button stk-block-button stk-block stk-f1e52d1\" data-block-id=\"f1e52d1\"><style>.stk-f1e52d1 .stk-button{padding-top:14px !important;padding-right:60px !important;padding-bottom:14px !important;padding-left:60px !important;background:var(--theme-palette-color-1, #e65616) !important;border-top-left-radius:8px !important;border-top-right-radius:8px !important;border-bottom-right-radius:8px !important;border-bottom-left-radius:8px !important;}.stk-f1e52d1 .stk-button:before{border-top-width:2px !important;border-right-width:2px !important;border-bottom-width:2px !important;border-left-width:2px !important;}.stk-f1e52d1 .stk-button__inner-text{font-size:15px !important;font-weight:bold !important;text-transform:uppercase !important;}@media screen and (max-width:999px){.stk-f1e52d1 .stk-button__inner-text{font-size:15px !important;}}<\/style><a class=\"stk-link stk-button stk--hover-effect-darken\" href=\"https:\/\/justudios.co\/contact\/\"><span class=\"stk-button__inner-text\">Talk to us<\/span><\/a><\/div>\n<\/div><\/div>\n<\/div><\/div><\/div>\n<\/div><\/div>\n\n\n\n<div class=\"wp-block-stackable-spacer stk-block-spacer stk--no-padding stk-block stk-cbb54c5\" data-block-id=\"cbb54c5\"><style>.stk-cbb54c5 {height:100px !important;}@media screen and (max-width:999px){.stk-cbb54c5 {height:80px !important;}}@media screen and (max-width:689px){.stk-cbb54c5 {height:60px !important;}}<\/style><\/div>\n\n\n\n<div class=\"wp-block-stackable-text stk-block-text stk-block stk-680f4fd\" data-block-id=\"680f4fd\"><style>.stk-680f4fd {margin-bottom:16px !important;}.stk-680f4fd .stk-block-text__text{color:var(--theme-palette-color-1, #e65616) !important;font-weight:900 !important;text-transform:uppercase !important;}<\/style><p class=\"stk-block-text__text has-text-color has-palette-color-1-color has-text-align-center-mobile\">03.<\/p><\/div>\n\n\n\n<div class=\"wp-block-stackable-heading stk-block-heading stk-block-heading--v2 stk-block stk-6437c60 ct-advanced-heading\" title=\"Highlights\" id=\"destacados\" data-block-id=\"6437c60\"><style>.stk-6437c60 {padding-left:20px !important;margin-bottom:50px !important;}.stk-6437c60 .stk-block-heading__text{font-size:60px !important;font-weight:800 !important;}@media screen and (max-width:999px){.stk-6437c60 .stk-block-heading__text{font-size:50px !important;}}@media screen and (max-width:689px){.stk-6437c60 {margin-bottom:30px !important;}}<\/style><h2 class=\"stk-block-heading__text has-text-align-center-mobile\">Highlights<\/h2><\/div>\n\n\n<div class=\"ct-posts-shortcode\" data-prefix=\"blog\"><div class=\"entries\" data-archive=\"default\" data-layout=\"simple\" data-cards=\"boxed\" data-hover=\"zoom-in\"><article class=\"entry-card post-1832 post type-post status-publish format-standard has-post-thumbnail hentry category-blog\" data-reveal=\"bottom:no\"><a class=\"ct-media-container boundless-image has-hover-effect\" href=\"https:\/\/justudios.co\/en\/ju-studios-en-gamescom-colombia-4-0\/\" aria-label=\"Ju Studios at Colombia 4.0 2025\"><img decoding=\"async\" width=\"768\" height=\"576\" src=\"https:\/\/justudios.co\/wp-content\/uploads\/2025\/11\/20251105_094759-768x576.jpg\" class=\"attachment-medium_large size-medium_large wp-post-image\" alt=\"\" loading=\"lazy\" srcset=\"https:\/\/justudios.co\/wp-content\/uploads\/2025\/11\/20251105_094759-768x576.jpg 768w, https:\/\/justudios.co\/wp-content\/uploads\/2025\/11\/20251105_094759-300x225.jpg 300w, https:\/\/justudios.co\/wp-content\/uploads\/2025\/11\/20251105_094759-1024x768.jpg 1024w, https:\/\/justudios.co\/wp-content\/uploads\/2025\/11\/20251105_094759-1536x1152.jpg 1536w, https:\/\/justudios.co\/wp-content\/uploads\/2025\/11\/20251105_094759-2048x1536.jpg 2048w, https:\/\/justudios.co\/wp-content\/uploads\/2025\/11\/20251105_094759-16x12.jpg 16w\" sizes=\"auto, (max-width: 768px) 100vw, 768px\" itemprop=\"image\" style=\"aspect-ratio: 1\/1;\" \/><\/a><div class=\"card-content\"><ul class=\"entry-meta\" data-type=\"simple:slash\" data-id=\"WO_5vt\" ><li class=\"meta-categories\" data-type=\"simple\"><a href=\"https:\/\/justudios.co\/en\/category\/blog\/\" rel=\"tag\" class=\"ct-term-1\">Blog<\/a><\/li><\/ul><h2 class=\"entry-title\"><a href=\"https:\/\/justudios.co\/en\/ju-studios-en-gamescom-colombia-4-0\/\" rel=\"bookmark\">Ju Studios at Colombia 4.0 2025<\/a><\/h2><div class=\"entry-excerpt\"><p>Nuestra participaci\u00f3n en Colombia 4.0: innovaci\u00f3n, creatividad y lanzamiento de nuevos proyectos de los videojuegos Este 4 y 5 de noviembre, Bogot\u00e1 fue el centro de la innovaci\u00f3n digital con Colombia 4.0, el evento m\u00e1s destacado del pa\u00eds en tecnolog\u00eda,\u2026<\/p>\n<\/div><a class=\"entry-button ct-button\" href=\"https:\/\/justudios.co\/en\/ju-studios-en-gamescom-colombia-4-0\/\">Read more<span class=\"screen-reader-text\">Ju Studios at Colombia 4.0 2025<\/span><\/a><\/div><\/article><article class=\"entry-card post-1797 post type-post status-publish format-standard has-post-thumbnail hentry category-blog\" data-reveal=\"bottom:no\"><a class=\"ct-media-container boundless-image has-hover-effect\" href=\"https:\/\/justudios.co\/en\/ju-studios-en-gamescom-alemania-2025\/\" aria-label=\"Ju Studios at Gamescom Germany 2025\"><img decoding=\"async\" width=\"768\" height=\"1024\" src=\"https:\/\/justudios.co\/wp-content\/uploads\/2025\/09\/Imagen-de-WhatsApp-2025-08-21-a-las-06.19.58_8f6a4f0d-768x1024.jpg\" class=\"attachment-medium_large size-medium_large wp-post-image\" alt=\"\" loading=\"lazy\" srcset=\"https:\/\/justudios.co\/wp-content\/uploads\/2025\/09\/Imagen-de-WhatsApp-2025-08-21-a-las-06.19.58_8f6a4f0d-768x1024.jpg 768w, https:\/\/justudios.co\/wp-content\/uploads\/2025\/09\/Imagen-de-WhatsApp-2025-08-21-a-las-06.19.58_8f6a4f0d-225x300.jpg 225w, https:\/\/justudios.co\/wp-content\/uploads\/2025\/09\/Imagen-de-WhatsApp-2025-08-21-a-las-06.19.58_8f6a4f0d-1152x1536.jpg 1152w, https:\/\/justudios.co\/wp-content\/uploads\/2025\/09\/Imagen-de-WhatsApp-2025-08-21-a-las-06.19.58_8f6a4f0d-1536x2048.jpg 1536w, https:\/\/justudios.co\/wp-content\/uploads\/2025\/09\/Imagen-de-WhatsApp-2025-08-21-a-las-06.19.58_8f6a4f0d-9x12.jpg 9w, https:\/\/justudios.co\/wp-content\/uploads\/2025\/09\/Imagen-de-WhatsApp-2025-08-21-a-las-06.19.58_8f6a4f0d-scaled.jpg 1920w\" sizes=\"auto, (max-width: 768px) 100vw, 768px\" itemprop=\"image\" style=\"aspect-ratio: 1\/1;\" \/><\/a><div class=\"card-content\"><ul class=\"entry-meta\" data-type=\"simple:slash\" data-id=\"WO_5vt\" ><li class=\"meta-categories\" data-type=\"simple\"><a href=\"https:\/\/justudios.co\/en\/category\/blog\/\" rel=\"tag\" class=\"ct-term-1\">Blog<\/a><\/li><\/ul><h2 class=\"entry-title\"><a href=\"https:\/\/justudios.co\/en\/ju-studios-en-gamescom-alemania-2025\/\" rel=\"bookmark\">Ju Studios at Gamescom Germany 2025<\/a><\/h2><div class=\"entry-excerpt\"><p>Ju Studios Expands Its Creative Power at the World\u2019s Gaming Epicenter. At Ju Studios, we are proud to announce our participation in Gamescom 2025, the most important event in the video game...<\/p>\n<\/div><a class=\"entry-button ct-button\" href=\"https:\/\/justudios.co\/en\/ju-studios-en-gamescom-alemania-2025\/\">Read more<span class=\"screen-reader-text\">Ju Studios at Gamescom Germany 2025<\/span><\/a><\/div><\/article><article class=\"entry-card post-1544 post type-post status-publish format-standard has-post-thumbnail hentry category-blog\" data-reveal=\"bottom:no\"><a class=\"ct-media-container boundless-image has-hover-effect\" href=\"https:\/\/justudios.co\/en\/ju-studios-en-filbo-2024\/\" aria-label=\"Ju Studios at FILBO 2025\"><img decoding=\"async\" width=\"768\" height=\"477\" src=\"https:\/\/justudios.co\/wp-content\/uploads\/2025\/07\/IMG_1763-scaled-e1751664670594-768x477.jpg\" class=\"attachment-medium_large size-medium_large wp-post-image\" alt=\"\" loading=\"lazy\" srcset=\"https:\/\/justudios.co\/wp-content\/uploads\/2025\/07\/IMG_1763-scaled-e1751664670594-768x477.jpg 768w, https:\/\/justudios.co\/wp-content\/uploads\/2025\/07\/IMG_1763-scaled-e1751664670594-300x186.jpg 300w, https:\/\/justudios.co\/wp-content\/uploads\/2025\/07\/IMG_1763-scaled-e1751664670594-1024x636.jpg 1024w, https:\/\/justudios.co\/wp-content\/uploads\/2025\/07\/IMG_1763-scaled-e1751664670594-1536x954.jpg 1536w, https:\/\/justudios.co\/wp-content\/uploads\/2025\/07\/IMG_1763-scaled-e1751664670594-2048x1273.jpg 2048w, https:\/\/justudios.co\/wp-content\/uploads\/2025\/07\/IMG_1763-scaled-e1751664670594-18x12.jpg 18w\" sizes=\"auto, (max-width: 768px) 100vw, 768px\" itemprop=\"image\" style=\"aspect-ratio: 1\/1;\" \/><\/a><div class=\"card-content\"><ul class=\"entry-meta\" data-type=\"simple:slash\" data-id=\"WO_5vt\" ><li class=\"meta-categories\" data-type=\"simple\"><a href=\"https:\/\/justudios.co\/en\/category\/blog\/\" rel=\"tag\" class=\"ct-term-1\">Blog<\/a><\/li><\/ul><h2 class=\"entry-title\"><a href=\"https:\/\/justudios.co\/en\/ju-studios-en-filbo-2024\/\" rel=\"bookmark\">Ju Studios at FILBO 2025<\/a><\/h2><div class=\"entry-excerpt\"><p>Ju Studios testing the video game \u2018La Ovejita Joy\u2019 at FILBo 2025 alongside Editorial Desaf\u00edo. The Bogot\u00e1 International Book Fair (FILBo) 2025 was an enriching experience for Ju Studios, where we had the privilege of accompanying one\u2026<\/p>\n<\/div><a class=\"entry-button ct-button\" href=\"https:\/\/justudios.co\/en\/ju-studios-en-filbo-2024\/\">Read more<span class=\"screen-reader-text\">Ju Studios at FILBO 2025<\/span><\/a><\/div><\/article><\/div><\/div>","protected":false},"excerpt":{"rendered":"<p>A selection of our work across mobile, PC, and WebGL, from client projects to original IPs.<\/p>","protected":false},"author":1,"featured_media":0,"parent":0,"menu_order":0,"comment_status":"closed","ping_status":"closed","template":"","meta":{"om_disable_all_campaigns":false,"_uag_custom_page_level_css":"","_monsterinsights_skip_tracking":false,"_monsterinsights_sitenote_active":false,"_monsterinsights_sitenote_note":"","_monsterinsights_sitenote_category":0,"footnotes":""},"class_list":["post-1842","page","type-page","status-publish","hentry"],"blocksy_meta":[],"aioseo_notices":[],"uagb_featured_image_src":{"full":false,"thumbnail":false,"medium":false,"medium_large":false,"large":false,"1536x1536":false,"2048x2048":false,"trp-custom-language-flag":false},"uagb_author_info":{"display_name":"justudios.co","author_link":"https:\/\/justudios.co\/en\/author\/justudiosdigital-com\/"},"uagb_comment_info":0,"uagb_excerpt":"Una selecci\u00f3n de nuestro trabajo en mobile, PC y WebGL, desde proyectos para clientes hasta IPs propias.","_links":{"self":[{"href":"https:\/\/justudios.co\/en\/wp-json\/wp\/v2\/pages\/1842","targetHints":{"allow":["GET"]}}],"collection":[{"href":"https:\/\/justudios.co\/en\/wp-json\/wp\/v2\/pages"}],"about":[{"href":"https:\/\/justudios.co\/en\/wp-json\/wp\/v2\/types\/page"}],"author":[{"embeddable":true,"href":"https:\/\/justudios.co\/en\/wp-json\/wp\/v2\/users\/1"}],"replies":[{"embeddable":true,"href":"https:\/\/justudios.co\/en\/wp-json\/wp\/v2\/comments?post=1842"}],"version-history":[{"count":8,"href":"https:\/\/justudios.co\/en\/wp-json\/wp\/v2\/pages\/1842\/revisions"}],"predecessor-version":[{"id":1865,"href":"https:\/\/justudios.co\/en\/wp-json\/wp\/v2\/pages\/1842\/revisions\/1865"}],"wp:attachment":[{"href":"https:\/\/justudios.co\/en\/wp-json\/wp\/v2\/media?parent=1842"}],"curies":[{"name":"wp","href":"https:\/\/api.w.org\/{rel}","templated":true}]}}